{"id":1679,"date":"2019-05-28T13:38:19","date_gmt":"2019-05-28T11:38:19","guid":{"rendered":"https:\/\/ubroker.it\/planetfirst\/psbil\/"},"modified":"2025-10-31T16:05:22","modified_gmt":"2025-10-31T14:05:22","slug":"psbil","status":"publish","type":"page","link":"https:\/\/ubroker.it\/planetfirst\/psbil","title":{"rendered":"PSBIL"},"content":{"rendered":"\t\t<div data-elementor-type=\"wp-page\" data-elementor-id=\"1679\" class=\"elementor elementor-1679\" data-elementor-post-type=\"page\">\n\t\t\t\t<div class=\"elementor-element elementor-element-fb62703 e-con-full box-null e-flex e-con e-parent\" data-id=\"fb62703\" data-element_type=\"container\" data-e-type=\"container\" data-settings=\"{&quot;jet_parallax_layout_list&quot;:[],&quot;background_background&quot;:&quot;classic&quot;}\">\n\t\t<div class=\"elementor-element elementor-element-5956c8a e-con-full e-flex e-con e-child\" data-id=\"5956c8a\" data-element_type=\"container\" data-e-type=\"container\" data-settings=\"{&quot;jet_parallax_layout_list&quot;:[]}\">\n\t\t\t\t<\/div>\n\t\t\t\t<\/div>\n\t\t<div class=\"elementor-element elementor-element-69c8812 section e-flex e-con-boxed e-con e-parent\" data-id=\"69c8812\" data-element_type=\"container\" data-e-type=\"container\" data-settings=\"{&quot;jet_parallax_layout_list&quot;:[]}\">\n\t\t\t\t\t<div class=\"e-con-inner\">\n\t\t<div class=\"elementor-element elementor-element-6e46f3a e-con-full box-null e-flex e-con e-child\" data-id=\"6e46f3a\" data-element_type=\"container\" data-e-type=\"container\" data-settings=\"{&quot;jet_parallax_layout_list&quot;:[]}\">\n\t\t\t\t<div class=\"elementor-element elementor-element-7491dee e-n-tabs-mobile elementor-widget elementor-widget-n-tabs\" data-id=\"7491dee\" data-element_type=\"widget\" data-e-type=\"widget\" data-settings=\"{&quot;tabs_justify_horizontal&quot;:&quot;start&quot;,&quot;horizontal_scroll&quot;:&quot;disable&quot;}\" data-widget_type=\"nested-tabs.default\">\n\t\t\t\t\t\t\t<div class=\"e-n-tabs\" data-widget-number=\"122232302\" aria-label=\"Schede. Apri gli elementi con Invio o Spazio, chiudili con Esc e naviga con i tasti freccia.\">\n\t\t\t<div class=\"e-n-tabs-heading\" role=\"tablist\">\n\t\t\t\t\t<button id=\"e-n-tab-title-1222323021\" data-tab-title-id=\"e-n-tab-title-1222323021\" class=\"e-n-tab-title\" aria-selected=\"true\" data-tab-index=\"1\" role=\"tab\" tabindex=\"0\" aria-controls=\"e-n-tab-content-1222323021\" style=\"--n-tabs-title-order: 1;\">\n\t\t\t\t\t\t<span class=\"e-n-tab-title-text\">\n\t\t\t\tIT\t\t\t<\/span>\n\t\t<\/button>\n\t\t\t\t<button id=\"e-n-tab-title-1222323022\" data-tab-title-id=\"e-n-tab-title-1222323022\" class=\"e-n-tab-title\" aria-selected=\"false\" data-tab-index=\"2\" role=\"tab\" tabindex=\"-1\" aria-controls=\"e-n-tab-content-1222323022\" style=\"--n-tabs-title-order: 2;\">\n\t\t\t\t\t\t<span class=\"e-n-tab-title-text\">\n\t\t\t\tDE\t\t\t<\/span>\n\t\t<\/button>\n\t\t\t\t\t<\/div>\n\t\t\t<div class=\"e-n-tabs-content\">\n\t\t\t\t<div id=\"e-n-tab-content-1222323021\" role=\"tabpanel\" aria-labelledby=\"e-n-tab-title-1222323021\" data-tab-index=\"1\" style=\"--n-tabs-title-order: 1;\" class=\"e-active elementor-element elementor-element-b9bee14 e-con-full box-null e-flex e-con e-child\" data-id=\"b9bee14\" data-element_type=\"container\" data-e-type=\"container\" data-settings=\"{&quot;jet_parallax_layout_list&quot;:[]}\">\n\t\t\t\t<div class=\"elementor-element elementor-element-12b92db elementor-widget elementor-widget-text-editor\" data-id=\"12b92db\" data-element_type=\"widget\" data-e-type=\"widget\" data-widget_type=\"text-editor.default\">\n\t\t\t\t\t\t\t\t\t<h2>Cos&#8217;\u00e8 il PSBIL?<\/h2>\nPsbilGas: il prezzo Psbil_buy e\u0300 pari alla media aritmetica per ogni giorno del mese di somministrazione dei prezzi di Sbilanciamento di acquisto Psbil_buy;G , cosi\u0300 come definito ai sensi del Regolamento UE 312\/2014 art 22, comma 2 lettera b e pari al massimo valore assunto nel giorno gas tra: 1) il System Average Price (SAP), aumentato del valore SA (Small Adjustment) di cui al comma 5.1 lettera a del TIB (Testo integrato Bilanciamento, di cui allegato A alla Delibera 312\/2016\/R\/gas e s.s.m.i., pari a 0,108 \u20ac\/MWh in riferimento a Novembre 2021), e 2) il TSOPb, pari al prezzo maggiore degli acquisti conclusi dal responsabile del bilanciamento per il giorno gas. Tali valori sono pubblicati giornalmente dal GME in \u20ac\/MWh sul proprio sito internet (<a href=\"http:\/\/www.mercatoelettrico.org\" target=\"_blank\" rel=\"noopener\">www.mercatoelettrico.org<\/a>), alla sezione \u201cDati funzionali alla determinazione del prezzo di sbilanciamento\u201d, rispettivamente alle colonne \u201cPrezzo medio ponderato\u201d (SAP), e \u201cPrezzo SRG \u2013 massimo in acquisto\u201d (TSOPb), e sono convertiti in \u20ac\/Smc tramite il fattore di conversione 0,0107 MWh\/Smc con riferimento ad un gas con PCS pari a 38,52 MJ\/mc.\t\t\t\t\t\t\t\t<\/div>\n\t\t\t\t<div class=\"elementor-element elementor-element-f01fd6b custom-button01 elementor-widget elementor-widget-button\" data-id=\"f01fd6b\" data-element_type=\"widget\" data-e-type=\"widget\" data-widget_type=\"button.default\">\n\t\t\t\t\t\t\t\t\t\t<a class=\"elementor-button elementor-button-link elementor-size-sm\" href=\"http:\/\/www.mercatoelettrico.org\/It\/Statistiche\/ME\/PrezzoMedioFasce.aspx\" target=\"_blank\">\n\t\t\t\t\t\t<span class=\"elementor-button-content-wrapper\">\n\t\t\t\t\t\t<span class=\"elementor-button-icon\">\n\t\t\t\t<svg xmlns=\"http:\/\/www.w3.org\/2000\/svg\" id=\"uuid-e7bfa0ce-52b0-4645-9a28-ca6917df4a45\" viewBox=\"0 0 40 10.8\"><defs><style>.uuid-9bfe51e0-cc91-4410-8a51-7920daf2219f{stroke-width:0px;}<\/style><\/defs><path class=\"uuid-9bfe51e0-cc91-4410-8a51-7920daf2219f\" d=\"M27.1,0c-1-.2-1.7,1.3-.7,2,1.5,1,2.9,1.5,4.6,2.4,0,0-8,1.6-30.7,2.2-.6,0,0,.7.6.7,20.8.6,28.9,0,31.2-.5-.5,0-.7.6-2.1,2-1.5,1.4-.2,2.3,1,1.9,2.9-1.5,5.8-2.8,8.7-4.3.6-.3.6-1.6,0-1.9,0,0-6.9-3.5-12.5-4.5Z\"><\/path><\/svg>\t\t\t<\/span>\n\t\t\t\t\t\t\t\t\t<span class=\"elementor-button-text\">Mercato elettrico prezzo medio<\/span>\n\t\t\t\t\t<\/span>\n\t\t\t\t\t<\/a>\n\t\t\t\t\t\t\t\t<\/div>\n\t\t<div class=\"elementor-element elementor-element-c66bd24 section-small e-flex e-con-boxed e-con e-child\" data-id=\"c66bd24\" data-element_type=\"container\" data-e-type=\"container\" data-settings=\"{&quot;jet_parallax_layout_list&quot;:[]}\">\n\t\t\t\t\t<div class=\"e-con-inner\">\n\t\t<div class=\"elementor-element elementor-element-9ca28f5 e-con-full box-pad20 box-border shadow e-flex e-con e-child\" data-id=\"9ca28f5\" data-element_type=\"container\" data-e-type=\"container\" data-settings=\"{&quot;jet_parallax_layout_list&quot;:[]}\">\n\t\t\t\t<div class=\"elementor-element elementor-element-9002821 elementor-widget__width-inherit elementor-widget-mobile__width-initial box-null elementor-widget elementor-widget-advance-datatable\" data-id=\"9002821\" data-element_type=\"widget\" data-e-type=\"widget\" data-widget_type=\"advance-datatable.default\">\n\t\t\t\t<div class=\"elementor-widget-container\">\n\t\t\t\t\t<div class=\"graphina-element  graphina-advance-data-table element-card\"\n\tdata-element_id=\"9002821\"\n\tdata-chart_type=\"advance-datatable\"\n\tdata-extra_data='{&quot;current_post_id&quot;:1679,&quot;prefix&quot;:&quot;iq_&quot;,&quot;pagination_text_color&quot;:&quot;&quot;,&quot;pagination_button_height&quot;:12,&quot;pagination_align&quot;:&quot;right&quot;,&quot;is_dynamic_table&quot;:true,&quot;is_pagination&quot;:false,&quot;pagination_type&quot;:&quot;numbers&quot;,&quot;page_range&quot;:0,&quot;pagination_row&quot;:0,&quot;pagination_info&quot;:false,&quot;is_header&quot;:true,&quot;header_in_body&quot;:false,&quot;is_index&quot;:false,&quot;index_header&quot;:&quot;#&quot;,&quot;index_type&quot;:&quot;number&quot;,&quot;columns&quot;:2,&quot;rows&quot;:24,&quot;search&quot;:false}'\n\tdata-table_data='{&quot;header&quot;:[&quot;&quot;,&quot;&quot;,&quot;&quot;,&quot;&quot;,&quot;&quot;],&quot;body&quot;:[[&quot;&quot;,&quot;&quot;,&quot;&quot;,&quot;&quot;,&quot;&quot;],[&quot;&quot;,&quot;&quot;,&quot;&quot;,&quot;&quot;,&quot;&quot;],[&quot;&quot;,&quot;&quot;,&quot;&quot;,&quot;&quot;,&quot;&quot;],[&quot;&quot;,&quot;&quot;,&quot;&quot;,&quot;&quot;,&quot;&quot;],[&quot;&quot;,&quot;&quot;,&quot;&quot;,&quot;&quot;,&quot;&quot;]]}'\n\tdata-settings='[]'>\n\t\t<div>\n\t<\/div>\n\t<div class=\"graphina-table graphina-table-9002821  \">\n\t<\/div>\n<\/div>\t\t\t\t<\/div>\n\t\t\t\t<\/div>\n\t\t\t\t<\/div>\n\t\t\t\t\t<\/div>\n\t\t\t\t<\/div>\n\t\t\t\t<\/div>\n\t\t<div id=\"e-n-tab-content-1222323022\" role=\"tabpanel\" aria-labelledby=\"e-n-tab-title-1222323022\" data-tab-index=\"2\" style=\"--n-tabs-title-order: 2;\" class=\" elementor-element elementor-element-84d5685 e-con-full box-null e-flex e-con e-child\" data-id=\"84d5685\" data-element_type=\"container\" data-e-type=\"container\" data-settings=\"{&quot;jet_parallax_layout_list&quot;:[]}\">\n\t\t\t\t<div class=\"elementor-element elementor-element-84bc226 elementor-widget elementor-widget-text-editor\" data-id=\"84bc226\" data-element_type=\"widget\" data-e-type=\"widget\" data-widget_type=\"text-editor.default\">\n\t\t\t\t\t\t\t\t\t<h2>Was ist PSBIL?<\/h2>\nDer PSbilGas-Index: Der Psbil_buy-Preis ist gleich dem arithmetischen Mittel der Einkaufs-Ungleichgewichtspreise Psbil_buy;G f\u00fcr jeden Tag des Versorgungsmonats gem\u00e4\u00df der Definition in Artikel 22 Absatz 2 Buchstabe b der EU-Verordnung 312\/2014 und entspricht dem an diesem Tag angenommenen H\u00f6chstwert zwischen: 1) dem System Average Price (SAP), erh\u00f6ht um den SA-Wert (Small Adjustment) gem\u00e4\u00df Ziffer 5.1 Buchstabe a der TIB (Erg\u00e4nzter Text \u00fcber den Ausgleich, laut Anhang A des Beschlusses 312\/2016\/R\/Gas und nachfolgende \u00c4nderungen, in H\u00f6he von 0,108 \u20ac\/MWh in Bezug auf November 2021), und 2) dem TSOPb, der dem H\u00f6chstpreis der vom Verantwortlichen f\u00fcr den Ausgleich f\u00fcr den Gas-Tag abgeschlossenen K\u00e4ufe entspricht. Diese Werte werden vom GME t\u00e4glich in \u20ac\/MWh auf seiner Website (<a href=\"http:\/\/www.mercatoelettrico.org\/\">www.mercatoelettrico.org<\/a>) ver\u00f6ffentlicht, im Abschnitt \u201eFunktionale Daten zur Bestimmung des Ausgleichspreises\u201c, bzw. im \u201eGewichteten Durchschnittspreis\u201c (SAP), und ver\u00f6ffentlicht \u201eSRG-Preis\u00a0\u2013 maximaler Einkaufspreis\u201c (TSOPb), und werden mit dem Umrechnungsfaktor 0,0107 MWh\/Standardkubikmeter in \u20ac\/Standardkubikmeter umgerechnet, bezogen auf ein Gas mit PCS gleich 38,52 MJ\/m\u00b3.\t\t\t\t\t\t\t\t<\/div>\n\t\t\t\t<div class=\"elementor-element elementor-element-1003a62 custom-button01 elementor-widget elementor-widget-button\" data-id=\"1003a62\" data-element_type=\"widget\" data-e-type=\"widget\" data-widget_type=\"button.default\">\n\t\t\t\t\t\t\t\t\t\t<a class=\"elementor-button elementor-button-link elementor-size-sm\" href=\"http:\/\/www.mercatoelettrico.org\/It\/Statistiche\/ME\/PrezzoMedioFasce.aspx\" target=\"_blank\">\n\t\t\t\t\t\t<span class=\"elementor-button-content-wrapper\">\n\t\t\t\t\t\t<span class=\"elementor-button-icon\">\n\t\t\t\t<svg xmlns=\"http:\/\/www.w3.org\/2000\/svg\" id=\"uuid-e7bfa0ce-52b0-4645-9a28-ca6917df4a45\" viewBox=\"0 0 40 10.8\"><defs><style>.uuid-9bfe51e0-cc91-4410-8a51-7920daf2219f{stroke-width:0px;}<\/style><\/defs><path class=\"uuid-9bfe51e0-cc91-4410-8a51-7920daf2219f\" d=\"M27.1,0c-1-.2-1.7,1.3-.7,2,1.5,1,2.9,1.5,4.6,2.4,0,0-8,1.6-30.7,2.2-.6,0,0,.7.6.7,20.8.6,28.9,0,31.2-.5-.5,0-.7.6-2.1,2-1.5,1.4-.2,2.3,1,1.9,2.9-1.5,5.8-2.8,8.7-4.3.6-.3.6-1.6,0-1.9,0,0-6.9-3.5-12.5-4.5Z\"><\/path><\/svg>\t\t\t<\/span>\n\t\t\t\t\t\t\t\t\t<span class=\"elementor-button-text\">Durchschnittlicher Strommarktpreis<\/span>\n\t\t\t\t\t<\/span>\n\t\t\t\t\t<\/a>\n\t\t\t\t\t\t\t\t<\/div>\n\t\t<div class=\"elementor-element elementor-element-d2f1fe8 section-small e-flex e-con-boxed e-con e-child\" data-id=\"d2f1fe8\" data-element_type=\"container\" data-e-type=\"container\" data-settings=\"{&quot;jet_parallax_layout_list&quot;:[]}\">\n\t\t\t\t\t<div class=\"e-con-inner\">\n\t\t<div class=\"elementor-element elementor-element-ad6e62d e-con-full box-pad20 box-border shadow e-flex e-con e-child\" data-id=\"ad6e62d\" data-element_type=\"container\" data-e-type=\"container\" data-settings=\"{&quot;jet_parallax_layout_list&quot;:[]}\">\n\t\t\t\t<div class=\"elementor-element elementor-element-4e87c32 elementor-widget__width-inherit elementor-widget-mobile__width-initial box-null elementor-widget elementor-widget-advance-datatable\" data-id=\"4e87c32\" data-element_type=\"widget\" data-e-type=\"widget\" data-widget_type=\"advance-datatable.default\">\n\t\t\t\t<div class=\"elementor-widget-container\">\n\t\t\t\t\t<div class=\"graphina-element  graphina-advance-data-table element-card\"\n\tdata-element_id=\"4e87c32\"\n\tdata-chart_type=\"advance-datatable\"\n\tdata-extra_data='{&quot;current_post_id&quot;:1679,&quot;prefix&quot;:&quot;iq_&quot;,&quot;pagination_text_color&quot;:&quot;&quot;,&quot;pagination_button_height&quot;:12,&quot;pagination_align&quot;:&quot;right&quot;,&quot;is_dynamic_table&quot;:true,&quot;is_pagination&quot;:false,&quot;pagination_type&quot;:&quot;numbers&quot;,&quot;page_range&quot;:0,&quot;pagination_row&quot;:0,&quot;pagination_info&quot;:false,&quot;is_header&quot;:true,&quot;header_in_body&quot;:false,&quot;is_index&quot;:false,&quot;index_header&quot;:&quot;#&quot;,&quot;index_type&quot;:&quot;number&quot;,&quot;columns&quot;:2,&quot;rows&quot;:24,&quot;search&quot;:false}'\n\tdata-table_data='{&quot;header&quot;:[&quot;&quot;,&quot;&quot;,&quot;&quot;,&quot;&quot;,&quot;&quot;],&quot;body&quot;:[[&quot;&quot;,&quot;&quot;,&quot;&quot;,&quot;&quot;,&quot;&quot;],[&quot;&quot;,&quot;&quot;,&quot;&quot;,&quot;&quot;,&quot;&quot;],[&quot;&quot;,&quot;&quot;,&quot;&quot;,&quot;&quot;,&quot;&quot;],[&quot;&quot;,&quot;&quot;,&quot;&quot;,&quot;&quot;,&quot;&quot;],[&quot;&quot;,&quot;&quot;,&quot;&quot;,&quot;&quot;,&quot;&quot;]]}'\n\tdata-settings='[]'>\n\t\t<div>\n\t<\/div>\n\t<div class=\"graphina-table graphina-table-4e87c32  \">\n\t<\/div>\n<\/div>\t\t\t\t<\/div>\n\t\t\t\t<\/div>\n\t\t\t\t<\/div>\n\t\t\t\t\t<\/div>\n\t\t\t\t<\/div>\n\t\t\t\t<\/div>\n\t\t\t\t\t<\/div>\n\t\t<\/div>\n\t\t\t\t\t\t<\/div>\n\t\t\t\t<\/div>\n\t\t\t\t\t<\/div>\n\t\t\t\t<\/div>\n\t\t<div class=\"elementor-element elementor-element-9024e5a e-con-full box-null e-flex e-con e-parent\" data-id=\"9024e5a\" data-element_type=\"container\" data-e-type=\"container\" data-settings=\"{&quot;jet_parallax_layout_list&quot;:[]}\">\n\t\t\t\t<\/div>\n\t\t<div class=\"elementor-element elementor-element-b591efa e-con-full e-flex e-con e-parent\" data-id=\"b591efa\" data-element_type=\"container\" data-e-type=\"container\" data-settings=\"{&quot;jet_parallax_layout_list&quot;:[]}\">\n\t\t\t\t<\/div>\n\t\t\t\t<\/div>\n\t\t","protected":false},"excerpt":{"rendered":"<p>IT DE Cos&#8217;\u00e8 il PSBIL? PsbilGas: il prezzo Psbil_buy e\u0300 pari alla media aritmetica per ogni giorno del mese di somministrazione dei prezzi di Sbilanciamento di acquisto Psbil_buy;G , cosi\u0300 come definito ai sensi del Regolamento UE 312\/2014 art 22, comma 2 lettera b e pari al massimo valore assunto nel giorno gas tra: 1) [&hellip;]<\/p>\n","protected":false},"author":1,"featured_media":0,"parent":0,"menu_order":8,"comment_status":"closed","ping_status":"closed","template":"","meta":{"_acf_changed":false,"footnotes":""},"categories":[],"tags":[],"class_list":["post-1679","page","type-page","status-publish","hentry"],"acf":[],"yoast_head":"<!-- This site is optimized with the Yoast SEO Premium plugin v24.3 (Yoast SEO v27.3) - https:\/\/yoast.com\/product\/yoast-seo-premium-wordpress\/ -->\n<title>PSBIL - Planetfirst<\/title>\n<meta name=\"robots\" content=\"index, follow, max-snippet:-1, max-image-preview:large, max-video-preview:-1\" \/>\n<link rel=\"canonical\" href=\"https:\/\/ubroker.it\/planetfirst\/psbil\" \/>\n<meta property=\"og:locale\" content=\"it_IT\" \/>\n<meta property=\"og:type\" content=\"article\" \/>\n<meta property=\"og:title\" content=\"PSBIL\" \/>\n<meta property=\"og:description\" content=\"IT DE Cos&#8217;\u00e8 il PSBIL? PsbilGas: il prezzo Psbil_buy e\u0300 pari alla media aritmetica per ogni giorno del mese di somministrazione dei prezzi di Sbilanciamento di acquisto Psbil_buy;G , cosi\u0300 come definito ai sensi del Regolamento UE 312\/2014 art 22, comma 2 lettera b e pari al massimo valore assunto nel giorno gas tra: 1) [&hellip;]\" \/>\n<meta property=\"og:url\" content=\"https:\/\/ubroker.it\/planetfirst\/psbil\" \/>\n<meta property=\"og:site_name\" content=\"Planetfirst\" \/>\n<meta property=\"article:modified_time\" content=\"2025-10-31T14:05:22+00:00\" \/>\n<meta name=\"twitter:card\" content=\"summary_large_image\" \/>\n<meta name=\"twitter:label1\" content=\"Tempo di lettura stimato\" \/>\n\t<meta name=\"twitter:data1\" content=\"1 minuto\" \/>\n<script type=\"application\/ld+json\" class=\"yoast-schema-graph\">{\"@context\":\"https:\\\/\\\/schema.org\",\"@graph\":[{\"@type\":\"WebPage\",\"@id\":\"https:\\\/\\\/ubroker.it\\\/planetfirst\\\/psbil\",\"url\":\"https:\\\/\\\/ubroker.it\\\/planetfirst\\\/psbil\",\"name\":\"PSBIL - Planetfirst\",\"isPartOf\":{\"@id\":\"https:\\\/\\\/ubroker.it\\\/planetfirst\\\/#website\"},\"datePublished\":\"2019-05-28T11:38:19+00:00\",\"dateModified\":\"2025-10-31T14:05:22+00:00\",\"breadcrumb\":{\"@id\":\"https:\\\/\\\/ubroker.it\\\/planetfirst\\\/psbil#breadcrumb\"},\"inLanguage\":\"it-IT\",\"potentialAction\":[{\"@type\":\"ReadAction\",\"target\":[\"https:\\\/\\\/ubroker.it\\\/planetfirst\\\/psbil\"]}]},{\"@type\":\"BreadcrumbList\",\"@id\":\"https:\\\/\\\/ubroker.it\\\/planetfirst\\\/psbil#breadcrumb\",\"itemListElement\":[{\"@type\":\"ListItem\",\"position\":1,\"name\":\"Home\",\"item\":\"https:\\\/\\\/ubroker.it\\\/planetfirst\"},{\"@type\":\"ListItem\",\"position\":2,\"name\":\"PSBIL\"}]},{\"@type\":\"WebSite\",\"@id\":\"https:\\\/\\\/ubroker.it\\\/planetfirst\\\/#website\",\"url\":\"https:\\\/\\\/ubroker.it\\\/planetfirst\\\/\",\"name\":\"Planetfirst\",\"description\":\"ESG environmental social governance\",\"potentialAction\":[{\"@type\":\"SearchAction\",\"target\":{\"@type\":\"EntryPoint\",\"urlTemplate\":\"https:\\\/\\\/ubroker.it\\\/planetfirst\\\/?s={search_term_string}\"},\"query-input\":{\"@type\":\"PropertyValueSpecification\",\"valueRequired\":true,\"valueName\":\"search_term_string\"}}],\"inLanguage\":\"it-IT\"}]}<\/script>\n<!-- \/ Yoast SEO Premium plugin. -->","yoast_head_json":{"title":"PSBIL - Planetfirst","robots":{"index":"index","follow":"follow","max-snippet":"max-snippet:-1","max-image-preview":"max-image-preview:large","max-video-preview":"max-video-preview:-1"},"canonical":"https:\/\/ubroker.it\/planetfirst\/psbil","og_locale":"it_IT","og_type":"article","og_title":"PSBIL","og_description":"IT DE Cos&#8217;\u00e8 il PSBIL? PsbilGas: il prezzo Psbil_buy e\u0300 pari alla media aritmetica per ogni giorno del mese di somministrazione dei prezzi di Sbilanciamento di acquisto Psbil_buy;G , cosi\u0300 come definito ai sensi del Regolamento UE 312\/2014 art 22, comma 2 lettera b e pari al massimo valore assunto nel giorno gas tra: 1) [&hellip;]","og_url":"https:\/\/ubroker.it\/planetfirst\/psbil","og_site_name":"Planetfirst","article_modified_time":"2025-10-31T14:05:22+00:00","twitter_card":"summary_large_image","twitter_misc":{"Tempo di lettura stimato":"1 minuto"},"schema":{"@context":"https:\/\/schema.org","@graph":[{"@type":"WebPage","@id":"https:\/\/ubroker.it\/planetfirst\/psbil","url":"https:\/\/ubroker.it\/planetfirst\/psbil","name":"PSBIL - Planetfirst","isPartOf":{"@id":"https:\/\/ubroker.it\/planetfirst\/#website"},"datePublished":"2019-05-28T11:38:19+00:00","dateModified":"2025-10-31T14:05:22+00:00","breadcrumb":{"@id":"https:\/\/ubroker.it\/planetfirst\/psbil#breadcrumb"},"inLanguage":"it-IT","potentialAction":[{"@type":"ReadAction","target":["https:\/\/ubroker.it\/planetfirst\/psbil"]}]},{"@type":"BreadcrumbList","@id":"https:\/\/ubroker.it\/planetfirst\/psbil#breadcrumb","itemListElement":[{"@type":"ListItem","position":1,"name":"Home","item":"https:\/\/ubroker.it\/planetfirst"},{"@type":"ListItem","position":2,"name":"PSBIL"}]},{"@type":"WebSite","@id":"https:\/\/ubroker.it\/planetfirst\/#website","url":"https:\/\/ubroker.it\/planetfirst\/","name":"Planetfirst","description":"ESG environmental social governance","potentialAction":[{"@type":"SearchAction","target":{"@type":"EntryPoint","urlTemplate":"https:\/\/ubroker.it\/planetfirst\/?s={search_term_string}"},"query-input":{"@type":"PropertyValueSpecification","valueRequired":true,"valueName":"search_term_string"}}],"inLanguage":"it-IT"}]}},"_links":{"self":[{"href":"https:\/\/ubroker.it\/planetfirst\/wp-json\/wp\/v2\/pages\/1679","targetHints":{"allow":["GET"]}}],"collection":[{"href":"https:\/\/ubroker.it\/planetfirst\/wp-json\/wp\/v2\/pages"}],"about":[{"href":"https:\/\/ubroker.it\/planetfirst\/wp-json\/wp\/v2\/types\/page"}],"author":[{"embeddable":true,"href":"https:\/\/ubroker.it\/planetfirst\/wp-json\/wp\/v2\/users\/1"}],"replies":[{"embeddable":true,"href":"https:\/\/ubroker.it\/planetfirst\/wp-json\/wp\/v2\/comments?post=1679"}],"version-history":[{"count":0,"href":"https:\/\/ubroker.it\/planetfirst\/wp-json\/wp\/v2\/pages\/1679\/revisions"}],"wp:attachment":[{"href":"https:\/\/ubroker.it\/planetfirst\/wp-json\/wp\/v2\/media?parent=1679"}],"wp:term":[{"taxonomy":"category","embeddable":true,"href":"https:\/\/ubroker.it\/planetfirst\/wp-json\/wp\/v2\/categories?post=1679"},{"taxonomy":"post_tag","embeddable":true,"href":"https:\/\/ubroker.it\/planetfirst\/wp-json\/wp\/v2\/tags?post=1679"}],"curies":[{"name":"wp","href":"https:\/\/api.w.org\/{rel}","templated":true}]}}